{"id":205,"date":"2022-03-17T14:09:14","date_gmt":"2022-03-17T14:09:14","guid":{"rendered":"https:\/\/www.juhannusvalkeat.fi\/new\/?page_id=205"},"modified":"2025-05-12T06:19:13","modified_gmt":"2025-05-12T06:19:13","slug":"nostalgia","status":"publish","type":"page","link":"https:\/\/www.juhannusvalkeat.fi\/new\/nostalgia\/","title":{"rendered":"Nostalgia"},"content":{"rendered":"<p>[et_pb_section fb_built=&#8221;1&#8243; _builder_version=&#8221;4.16&#8243; _module_preset=&#8221;default&#8221; global_colors_info=&#8221;{}&#8221;][et_pb_row _builder_version=&#8221;4.16&#8243; _module_preset=&#8221;default&#8221; global_colors_info=&#8221;{}&#8221;][et_pb_column type=&#8221;4_4&#8243; _builder_version=&#8221;4.16&#8243; _module_preset=&#8221;default&#8221; global_colors_info=&#8221;{}&#8221;][et_pb_text _builder_version=&#8221;4.27.4&#8243; _module_preset=&#8221;default&#8221; global_colors_info=&#8221;{}&#8221;]<\/p>\n<h1>Nostalgia<\/h1>\n<p>[\/et_pb_text][\/et_pb_column][\/et_pb_row][et_pb_row column_structure=&#8221;3_5,2_5&#8243; _builder_version=&#8221;4.17.4&#8243; _module_preset=&#8221;default&#8221; custom_margin=&#8221;16px|auto||auto||&#8221; global_colors_info=&#8221;{}&#8221;][et_pb_column type=&#8221;3_5&#8243; _builder_version=&#8221;4.16&#8243; _module_preset=&#8221;default&#8221; global_colors_info=&#8221;{}&#8221;][et_pb_text _builder_version=&#8221;4.17.4&#8243; _module_preset=&#8221;default&#8221; custom_margin=&#8221;-40px|||||&#8221; global_colors_info=&#8221;{}&#8221;]<\/p>\n<p>Suomalainen keskikes\u00e4n juhla tunnettiin Lounais-Suomen murteissa mettumaarina ja It\u00e4-Suomessa Ukon juhlana. Katolinen kirkko siirsi juhlap\u00e4iv\u00e4n keskiajalla Johannes Kastajan p\u00e4iv\u00e4ksi, ja ajan my\u00f6t\u00e4 juhla sai vakiintuneen nimen juhannus.<\/p>\n<p>Suomalainen kokkoperinne on osa yleiseurooppalaista tapaa polttaa tulia kev\u00e4tjuhlien yhteydess\u00e4. Juhannuskokot ovat l\u00e4ht\u00f6isin maamme it\u00e4isist\u00e4 osista. Nykyisin niit\u00e4 poltetaan kautta maan, jopa Lapin valoisassa juhannusy\u00f6ss\u00e4.<\/p>\n<p>Ahvenanmaalla ja rannikkoalueella rakennettiin juhannussalkoja kokon polttamisen sijaan. Salon runkona oli lipputangon kaltainen masto, joka varustettiin usealla poikkipuulla. Masto koristettiin kukin ja lehv\u00e4k\u00f6ynn\u00f6ksin. Sen p\u00e4\u00e4ss\u00e4 oli tavallisesti puusta veistetty vehtariukko, tuuliviiri tai lippu, puusta veistetty aurinkopy\u00f6r\u00e4 ja\/tai purjeveneit\u00e4.<\/p>\n<p>Juhannuksen viettoon liittyy monenlaisia uskomuksia ja taikoja. Juhannustaioilla pyrittiin varmistamaan tulevan vuoden sato, maito-onni ja naimaonni. Lemmentaioista on olemassa monia erilaisia variaatioita sijainnista riippuen: tyynyn alle saatettiin laittaa nelilehtinen apila, kukkaseppele, virsikirja tai kupariraha, jotta unessa tapaisi sen oikean. Vasemman jalan sukka saatettiin k\u00e4\u00e4nt\u00e4\u00e4 y\u00f6ksi nurin samasta syyst\u00e4. Tulevan sulhasen kuvajaisen saattoi my\u00f6s n\u00e4hd\u00e4, jos kurkisti kaivoon juhannusy\u00f6n\u00e4.<\/p>\n<h3>Seurasaari &#8211; helsinkil\u00e4isten juhannuksen viettopaikka<\/h3>\n<p>Seurasaari on ollut juhannuksen viettopaikka jo yli sadan vuoden ajan. Saaressa on j\u00e4rjestetty maksullista juhannusjuhlaa ensin Suomen muinaismuistoyhdistyksen (vuosina 1954\u201355) ja sitten Seurasaaris\u00e4\u00e4ti\u00f6n toimesta (vuodesta 1956 l\u00e4htien).<\/p>\n<p>Tapahtuman k\u00e4vij\u00f6ille v\u00e4litet\u00e4\u00e4n museomilj\u00f6\u00f6seen soveltuvia ja agraariin perinteeseen tukeutuvia el\u00e4myksi\u00e4 ja kokemuksia. Alusta asti ohjelmistoon ovat kuuluneet juhannuskokot ja -salot, juhannustaiat, pelimannisoitto ja kansantanssit. Tienvarren k\u00e4sity\u00f6l\u00e4isohjelma tuli mukaan 1970-luvulla. H\u00e4\u00e4parin sytytt\u00e4m\u00e4n p\u00e4\u00e4kokon kipunoiden toivotaan tuovan onnea ja menestyst\u00e4.<\/p>\n<p>[\/et_pb_text][et_pb_video src=&#8221;https:\/\/www.youtube.com\/watch?v=jvJp1iJbXuI&#8221; _builder_version=&#8221;4.17.4&#8243; _module_preset=&#8221;default&#8221; global_colors_info=&#8221;{}&#8221;][\/et_pb_video][\/et_pb_column][et_pb_column type=&#8221;2_5&#8243; _builder_version=&#8221;4.16&#8243; _module_preset=&#8221;default&#8221; global_colors_info=&#8221;{}&#8221;][et_pb_cta title=&#8221;Haluatko tiet\u00e4\u00e4 enemm\u00e4n keskikes\u00e4n juhlan perinteist\u00e4?&#8221; button_url=&#8221;https:\/\/www.juhannusvalkeat.fi\/new\/wp-content\/uploads\/2022\/03\/Bibliografia.docx&#8221; button_text=&#8221;Tutustu bibliografiaamme&#8221; _builder_version=&#8221;4.17.4&#8243; _module_preset=&#8221;default&#8221; use_background_color=&#8221;off&#8221; background_layout=&#8221;light&#8221; global_colors_info=&#8221;{}&#8221;][\/et_pb_cta][et_pb_text _builder_version=&#8221;4.27.4&#8243; _module_preset=&#8221;default&#8221; hover_enabled=&#8221;0&#8243; global_colors_info=&#8221;{}&#8221; sticky_enabled=&#8221;0&#8243;]<\/p>\n<p>Juhannusperinteest\u00e4 lis\u00e4\u00e4<span>\u00a0<\/span><span style=\"color: #ff9900;\"><a href=\"https:\/\/juhlakalenteri.finlit.fi\/juhannus\" target=\"_blank\" rel=\"noopener\" style=\"color: #ff9900;\">SKS:n juhlakalenterista<\/a><\/span><\/p>\n<p>Juhannuksen vietosta voit lukea my\u00f6s<span>\u00a0<\/span><span style=\"color: #ff9900;\"><a href=\"https:\/\/wiki.aineetonkulttuuriperinto.fi\/wiki\/Juhannuksen_vietto\" target=\"_blank\" rel=\"noopener\" style=\"color: #ff9900;\">El\u00e4v\u00e4n perinn\u00f6n wikiluettelosta<\/a><\/span><\/p>\n<p>[\/et_pb_text][\/et_pb_column][\/et_pb_row][\/et_pb_section]<\/p>\n","protected":false},"excerpt":{"rendered":"<p>NostalgiaSuomalainen keskikes\u00e4n juhla tunnettiin Lounais-Suomen murteissa mettumaarina ja It\u00e4-Suomessa Ukon juhlana. Katolinen kirkko siirsi juhlap\u00e4iv\u00e4n keskiajalla Johannes Kastajan p\u00e4iv\u00e4ksi, ja ajan my\u00f6t\u00e4 juhla sai vakiintuneen nimen juhannus. Suomalainen kokkoperinne on osa yleiseurooppalaista tapaa polttaa tulia kev\u00e4tjuhlien yhteydess\u00e4. Juhannuskokot ovat l\u00e4ht\u00f6isin maamme it\u00e4isist\u00e4 osista. Nykyisin niit\u00e4 poltetaan kautta maan, jopa Lapin valoisassa juhannusy\u00f6ss\u00e4. Ahvenanmaalla ja rannikkoalueella [&hellip;]<\/p>\n","protected":false},"author":1,"featured_media":0,"parent":0,"menu_order":0,"comment_status":"closed","ping_status":"closed","template":"","meta":{"_et_pb_use_builder":"on","_et_pb_old_content":"","_et_gb_content_width":"","footnotes":""},"class_list":["post-205","page","type-page","status-publish","hentry"],"_links":{"self":[{"href":"https:\/\/www.juhannusvalkeat.fi\/new\/wp-json\/wp\/v2\/pages\/205","targetHints":{"allow":["GET"]}}],"collection":[{"href":"https:\/\/www.juhannusvalkeat.fi\/new\/wp-json\/wp\/v2\/pages"}],"about":[{"href":"https:\/\/www.juhannusvalkeat.fi\/new\/wp-json\/wp\/v2\/types\/page"}],"author":[{"embeddable":true,"href":"https:\/\/www.juhannusvalkeat.fi\/new\/wp-json\/wp\/v2\/users\/1"}],"replies":[{"embeddable":true,"href":"https:\/\/www.juhannusvalkeat.fi\/new\/wp-json\/wp\/v2\/comments?post=205"}],"version-history":[{"count":9,"href":"https:\/\/www.juhannusvalkeat.fi\/new\/wp-json\/wp\/v2\/pages\/205\/revisions"}],"predecessor-version":[{"id":1795,"href":"https:\/\/www.juhannusvalkeat.fi\/new\/wp-json\/wp\/v2\/pages\/205\/revisions\/1795"}],"wp:attachment":[{"href":"https:\/\/www.juhannusvalkeat.fi\/new\/wp-json\/wp\/v2\/media?parent=205"}],"curies":[{"name":"wp","href":"https:\/\/api.w.org\/{rel}","templated":true}]}}