{"id":169,"date":"2022-03-10T08:32:12","date_gmt":"2022-03-10T08:32:12","guid":{"rendered":"https:\/\/www.juhannusvalkeat.fi\/new\/?page_id=169"},"modified":"2026-04-08T07:20:36","modified_gmt":"2026-04-08T07:20:36","slug":"liput-ja-info","status":"publish","type":"page","link":"https:\/\/www.juhannusvalkeat.fi\/new\/liput-ja-info\/","title":{"rendered":"Liput ja info"},"content":{"rendered":"<p>[et_pb_section fb_built=&#8221;1&#8243; _builder_version=&#8221;4.16&#8243; _module_preset=&#8221;default&#8221; global_colors_info=&#8221;{}&#8221;][et_pb_row column_structure=&#8221;1_2,1_2&#8243; _builder_version=&#8221;4.16&#8243; _module_preset=&#8221;default&#8221; custom_padding=&#8221;13px|||6px||&#8221; global_colors_info=&#8221;{}&#8221;][et_pb_column type=&#8221;1_2&#8243; _builder_version=&#8221;4.16&#8243; _module_preset=&#8221;default&#8221; global_colors_info=&#8221;{}&#8221;][et_pb_text _builder_version=&#8221;4.27.6&#8243; _module_preset=&#8221;default&#8221; text_font=&#8221;||||||||&#8221; text_text_color=&#8221;#000000&#8243; text_line_height=&#8221;1.6em&#8221; header_text_color=&#8221;#000000&#8243; hover_enabled=&#8221;0&#8243; global_colors_info=&#8221;{}&#8221; sticky_enabled=&#8221;0&#8243;]<\/p>\n<h1><span style=\"color: #333333;\">Liput ja Info<\/span><\/h1>\n<h4><span style=\"color: #003366;\"><\/span><\/h4>\n<p><span style=\"color: #003366;\">Juhannusvalkeiden p\u00e4\u00e4sylippuja voi nyt ostaa Tiketist\u00e4! Aikuisten p\u00e4\u00e4sylippu 27,50 \u20ac (+ tilausmaksu 1,50 \u20ac\/tilaus), alle 12-vuotiaat maksutta aikuisen seurassa. Verkkolippujen myynti p\u00e4\u00e4ttyy juhannusaattona 19.6.2026 klo 22. <a href=\"https:\/\/www.tiketti.fi\/tapahtuma\/116550\">Osta lippu<\/a><\/span><\/p>\n<p><img loading=\"lazy\" decoding=\"async\" src=\"https:\/\/www.juhannusvalkeat.fi\/new\/wp-content\/uploads\/2025\/04\/tiketti_basiclogo_negative_yellow_rgb-300x163.jpg\" width=\"86\" height=\"47\" alt=\"\" class=\"wp-image-1658 alignnone size-medium\" \/><\/p>\n<h4><span style=\"color: #003366;\">Kokot ja Maastopalovaroitus<\/span><\/h4>\n<p><span style=\"color: #333333;\">Kokot sytytet\u00e4\u00e4n juhlassa, mik\u00e4li maastopalovaroitus ei ole voimassa.<\/span><\/p>\n<h4><span style=\"color: #003366;\">Kulkuyhteydet<\/span><\/h4>\n<p><span style=\"color: #333333;\">Bussi 24 kulkee keskustasta Seurasaareen. Lis\u00e4liikennett\u00e4 ajetaan bussilla 24S Kampin terminaalista. Seurasaareen p\u00e4\u00e4see my\u00f6s raitiovaunulla 4 (n. 10 min. k\u00e4velymatka Seurasaareen). Lis\u00e4tietoja liikenneyhteyksist\u00e4 <span style=\"color: #ff9900;\"><a href=\"http:\/\/www.hsl.fi\/\" target=\"_blank\" rel=\"noopener\" style=\"color: #ff9900;\">HSL<\/a>\u00a0<\/span>My\u00f6s\u00a0<span style=\"color: #ff9900;\"><a href=\"https:\/\/kaupunkipyorat.hsl.fi\/fi\/helsinki\/stations\" target=\"_blank\" rel=\"noopener\" style=\"color: #ff9900;\">kaupunkipy\u00f6r\u00e4ll\u00e4<\/a>\u00a0<\/span>voi ajaa Seurasaareen (Seurasaari 091).<\/span><\/p>\n<p><span style=\"color: #333333;\">L\u00e4hell\u00e4 asuvien kannattaa tulla paikalle jalan tai polkupy\u00f6r\u00e4ll\u00e4. Yksityisautoille on rajoitetusti pys\u00e4k\u00f6intitilaa Seurasaarentien varrella ja pys\u00e4k\u00f6intialueella Heikinniementien kohdalla, Meilahden arboretumin (Johannesbergintien varressa) sek\u00e4 Meilahden liikuntapuiston pys\u00e4k\u00f6intialuella.<\/span><\/p>\n<h4><span style=\"color: #003366;\">Ruoka ja Juoma<\/span><\/h4>\n<div class=\"\">\n<p><span style=\"color: #333333;\"><strong>Kahvihuone Mieritz<\/strong> (sillan kupeessa) valikoimissa on R\u00f6ntt\u00f6srouvan makeita ja suolaisia piirakoita, tuoreita pullia, kahvia\/teet\u00e4 (luomu), virvoitusjuomia, luomupillimehuja.<\/span><\/p>\n<p><span style=\"color: #333333;\"><strong>Juhlakent\u00e4n kioskin<\/strong> valikoimista l\u00f6ytyy pient\u00e4 suolaista ja makeaa sy\u00f6t\u00e4v\u00e4\u00e4, kahvia\/teet\u00e4 (luomu), virvoitusjuomia, mehuja.\u00a0<\/span><\/p>\n<p><strong><span style=\"color: #333333;\">Helsingin j\u00e4\u00e4tel\u00f6tehdas\u00a0<\/span><\/strong><span style=\"color: #333333;\">l\u00f6ytyy Pikku Helsinki\u00e4 vastap\u00e4\u00e4t\u00e4 ja tarjoaa juhannus vierailleen erilaisia j\u00e4\u00e4tel\u00f6annoksia.<\/span><\/p>\n<p><strong>Kauppahallin Kotiruoka <\/strong>tarjoaa Juhlakent\u00e4n ja Jusupoffin aukioiden ruokakojuista ruoka-annoksia.<span style=\"color: #ff9900;\"><\/span><\/p>\n<p><span style=\"color: #333333;\"><strong><a href=\"https:\/\/www.seurasaarenjuhlatalo.fi\" style=\"color: #333333;\"><span style=\"color: #ff9900;\">Seurasaaren Juhlatalo<\/span><\/a><\/strong> (ravintola), p\u00f6yt\u00e4varaukset: info(at)ganache.fi<\/span><span style=\"color: #ff9900;\"><\/span><\/p>\n<p><span style=\"color: #333333;\">Omat ev\u00e4\u00e4t ja retkijuomat salllittu pikinkin yhteydess\u00e4. Lis\u00e4ksi suosittelemme oman vesipullon tuomista.<\/span><\/p>\n<h4><span style=\"color: #003366;\"><\/span><\/h4>\n<h4><span style=\"color: #003366;\">Grillaus<\/span><\/h4>\n<\/div>\n<p><span style=\"color: #333333;\">Juhlakent\u00e4n grilli ei ole k\u00e4yt\u00f6ss\u00e4 tapahtuman aikana! Omat grillit ja kertak\u00e4ytt\u00f6grillit sek\u00e4 avotulen teko ovat kiellettyj\u00e4 Seurasaaressa!<\/span><\/p>\n<h4><span style=\"color: #003366;\">Koirat<\/span><\/h4>\n<p><span style=\"color: #333333;\">Koiria ei suositella tuotavaksi Seurasaaren juhannusvalkeille, mutta opas- ja avustajakoirat ovat tervetulleita tapahtumaan.<\/span><\/p>\n<h4><span style=\"color: #003366;\">Muuta<\/span><\/h4>\n<p><span style=\"color: #333333;\">Juhlaan voi tulla lastenrattaiden kanssa (lainattavia rattaita ei ole).<\/span><\/p>\n<h4><span style=\"color: #003366;\">L\u00f6yt\u00f6tavarat<\/span><\/h4>\n<p><span style=\"color: #333333;\">Mahdolliset l\u00f6yt\u00f6tavarat vied\u00e4\u00e4n kuuluttajalle. Tapahtuman j\u00e4lkeen l\u00f6yt\u00f6tavaroita voi tiedustella s\u00e4\u00e4ti\u00f6n toimistolt puh: <\/span><span style=\"color: #ff9900;\">+358 40 649 3040<\/span><\/p>\n<h4><span style=\"color: #003366;\">WC<\/span><\/h4>\n<p><span style=\"color: #333333;\">Saaren alkup\u00e4\u00e4ss\u00e4 ja Jusupoffin aukion vieress\u00e4 on City WC:t, joista l\u00f6ytyy my\u00f6s Inva-WC. Juhlaan tuodaan lis\u00e4ksi toiletteja Jusupoffin aukiolle ja Kyykk\u00e4kent\u00e4lle (yksi toileteista Inva-WC).<\/span><\/p>\n<h4><span style=\"color: #003366;\">Saavutettavuus<\/span><\/h4>\n<p><span style=\"color: #333333;\">Juhla-alue on maastoltaan vaihtelevaa, mutta alueella p\u00e4\u00e4see py\u00f6r\u00e4tuolillakin melko hyvin kulkemaan. Osaan museorakennuksista ei ole esteet\u00f6nt\u00e4 kulkua. Juhlakentt\u00e4, jolla suurin osa ohjelmasta tapahtuu, on t\u00e4ysin esteet\u00f6n. Kokkorantaan ei ole p\u00e4\u00e4sy\u00e4 py\u00f6r\u00e4tuolilla, mutta kokkoja voi seurata muualta. Lasten kokolle on esteet\u00f6n p\u00e4\u00e4sy.<\/span><\/p>\n<p><span style=\"color: #333333;\">Ravitsemuspisteisiin (Jusupoffin aukiolla ja Juhlakent\u00e4ll\u00e4), ravintola Seurasaaren Juhlataloon ja kahvilaan on liikkumisesteet\u00f6n sis\u00e4\u00e4nk\u00e4ynti. Juhlakent\u00e4n ja Jusupoffin kioskin edustalla on koroke ja Kahvihuone Mieritziin on portaat.<\/span><\/p>\n<h4><span style=\"color: #003366;\">Turvallisuus<\/span><\/h4>\n<p><span style=\"color: #333333;\">SPR vastaa ensiavusta juhannusvalkeiden ajan. Paikalla on j\u00e4rjestyksenvalvojia, joiden puoleen voi k\u00e4\u00e4nty\u00e4 ongelmatilanteessa.<\/span><\/p>\n<p><span style=\"color: #333333;\">Yleinen h\u00e4t\u00e4numero: 112.<\/span><\/p>\n<p><span style=\"color: #333333;\">Muista pukeutua s\u00e4\u00e4n mukaan.<\/span><\/p>\n<h4>Kuvausluvat<\/h4>\n<p><span style=\"color: #333333;\">Kuvausluvat ja akkreditointi viikkoa ennen (kaupalliset kuvaukset): toiminnanjohtaja Aila Nieminen aila.nieminen(at)seurasaarisaatio.fi. Tapahtumaa valokuvataan ja valokuvia tullaan k\u00e4ytt\u00e4m\u00e4\u00e4n Seurasaaris\u00e4\u00e4tion tiedotuksessa ja markkinoinnissa.<\/span><\/p>\n<h5><span style=\"color: #003366;\">P\u00c4\u00c4SY SAARELLE<\/span><br \/><span style=\"color: #003366;\">Koko Seurasaari suljetaan juhannusaattona klo 12 alkaen, jonka j\u00e4lkeen sis\u00e4\u00e4np\u00e4\u00e4sy vain p\u00e4\u00e4sylipulla. Saari on taas normaalisti avoinna juhannusp\u00e4iv\u00e4n\u00e4.<\/span><\/h5>\n<p><span style=\"color: #003366;\">\u00a0<\/span><\/p>\n<p>[\/et_pb_text][\/et_pb_column][et_pb_column type=&#8221;1_2&#8243; _builder_version=&#8221;4.16&#8243; _module_preset=&#8221;default&#8221; global_colors_info=&#8221;{}&#8221;][et_pb_image src=&#8221;https:\/\/www.juhannusvalkeat.fi\/new\/wp-content\/uploads\/2023\/06\/kartta-juhannus-2023.jpg&#8221; title_text=&#8221;kartta juhannus 2023&#8243; _builder_version=&#8221;4.21.0&#8243; _module_preset=&#8221;default&#8221; global_colors_info=&#8221;{}&#8221;][\/et_pb_image][et_pb_image src=&#8221;https:\/\/www.juhannusvalkeat.fi\/new\/wp-content\/uploads\/2022\/06\/liikennejarjestelyt-scaled.jpg&#8221; title_text=&#8221;liikennej\u00e4rjestelyt&#8221; _builder_version=&#8221;4.17.4&#8243; _module_preset=&#8221;default&#8221; global_colors_info=&#8221;{}&#8221;][\/et_pb_image][\/et_pb_column][\/et_pb_row][et_pb_row column_structure=&#8221;1_2,1_2&#8243; _builder_version=&#8221;4.16&#8243; _module_preset=&#8221;default&#8221; global_colors_info=&#8221;{}&#8221;][et_pb_column type=&#8221;1_2&#8243; _builder_version=&#8221;4.16&#8243; _module_preset=&#8221;default&#8221; global_colors_info=&#8221;{}&#8221;][\/et_pb_column][et_pb_column type=&#8221;1_2&#8243; _builder_version=&#8221;4.16&#8243; _module_preset=&#8221;default&#8221; global_colors_info=&#8221;{}&#8221;][\/et_pb_column][\/et_pb_row][\/et_pb_section]<\/p>\n","protected":false},"excerpt":{"rendered":"<p>Liput ja Info Juhannusvalkeiden p\u00e4\u00e4sylippuja voi nyt ostaa Tiketist\u00e4! Aikuisten p\u00e4\u00e4sylippu 27,50 \u20ac (+ tilausmaksu 1,50 \u20ac\/tilaus), alle 12-vuotiaat maksutta aikuisen seurassa. Verkkolippujen myynti p\u00e4\u00e4ttyy juhannusaattona 19.6.2026 klo 22. Osta lippu Kokot ja Maastopalovaroitus Kokot sytytet\u00e4\u00e4n juhlassa, mik\u00e4li maastopalovaroitus ei ole voimassa. Kulkuyhteydet Bussi 24 kulkee keskustasta Seurasaareen. Lis\u00e4liikennett\u00e4 ajetaan bussilla 24S Kampin terminaalista. Seurasaareen [&hellip;]<\/p>\n","protected":false},"author":1,"featured_media":0,"parent":0,"menu_order":0,"comment_status":"closed","ping_status":"closed","template":"","meta":{"_et_pb_use_builder":"on","_et_pb_old_content":"","_et_gb_content_width":"","footnotes":""},"class_list":["post-169","page","type-page","status-publish","hentry"],"_links":{"self":[{"href":"https:\/\/www.juhannusvalkeat.fi\/new\/wp-json\/wp\/v2\/pages\/169","targetHints":{"allow":["GET"]}}],"collection":[{"href":"https:\/\/www.juhannusvalkeat.fi\/new\/wp-json\/wp\/v2\/pages"}],"about":[{"href":"https:\/\/www.juhannusvalkeat.fi\/new\/wp-json\/wp\/v2\/types\/page"}],"author":[{"embeddable":true,"href":"https:\/\/www.juhannusvalkeat.fi\/new\/wp-json\/wp\/v2\/users\/1"}],"replies":[{"embeddable":true,"href":"https:\/\/www.juhannusvalkeat.fi\/new\/wp-json\/wp\/v2\/comments?post=169"}],"version-history":[{"count":110,"href":"https:\/\/www.juhannusvalkeat.fi\/new\/wp-json\/wp\/v2\/pages\/169\/revisions"}],"predecessor-version":[{"id":2121,"href":"https:\/\/www.juhannusvalkeat.fi\/new\/wp-json\/wp\/v2\/pages\/169\/revisions\/2121"}],"wp:attachment":[{"href":"https:\/\/www.juhannusvalkeat.fi\/new\/wp-json\/wp\/v2\/media?parent=169"}],"curies":[{"name":"wp","href":"https:\/\/api.w.org\/{rel}","templated":true}]}}