{"id":13,"date":"2022-02-16T13:37:25","date_gmt":"2022-02-16T13:37:25","guid":{"rendered":"https:\/\/www.juhannusvalkeat.fi\/new\/?page_id=13"},"modified":"2025-07-30T08:51:05","modified_gmt":"2025-07-30T08:51:05","slug":"etusivu","status":"publish","type":"page","link":"https:\/\/www.juhannusvalkeat.fi\/new\/","title":{"rendered":"Etusivu"},"content":{"rendered":"<p>[et_pb_section fb_built=&#8221;1&#8243; fullwidth=&#8221;on&#8221; disabled_on=&#8221;on|on|off&#8221; _builder_version=&#8221;4.16&#8243; _module_preset=&#8221;default&#8221; background_color=&#8221;RGBA(255,255,255,0)&#8221; z_index=&#8221;999999&#8243; custom_margin=&#8221;||-110px||false|false&#8221; hover_enabled=&#8221;0&#8243; border_width_top=&#8221;5px&#8221; border_color_top=&#8221;#99CC33&#8243; global_colors_info=&#8221;{}&#8221; sticky_enabled=&#8221;0&#8243;][et_pb_fullwidth_menu active_link_color=&#8221;#99CC33&#8243; logo=&#8221;https:\/\/www.juhannusvalkeat.fi\/new\/wp-content\/uploads\/2022\/02\/Juhannusvalkeat_logo_sininen.jpg&#8221; logo_max_height=&#8221;100px&#8221; admin_label=&#8221;P\u00e4\u00e4valikko&#8221; _builder_version=&#8221;4.16&#8243; _module_preset=&#8221;default&#8221; menu_font=&#8221;|||on|||||&#8221; menu_letter_spacing=&#8221;1px&#8221; background_color=&#8221;RGBA(255,255,255,0)&#8221; text_orientation=&#8221;right&#8221; background_layout=&#8221;dark&#8221; custom_padding=&#8221;0px||0px|||&#8221; hover_enabled=&#8221;0&#8243; menu_text_shadow_style=&#8221;preset3&#8243; global_colors_info=&#8221;{}&#8221; sticky_enabled=&#8221;0&#8243;][\/et_pb_fullwidth_menu][\/et_pb_section][et_pb_section fb_built=&#8221;1&#8243; fullwidth=&#8221;on&#8221; _builder_version=&#8221;4.16&#8243; _module_preset=&#8221;default&#8221; custom_padding=&#8221;||||false|false&#8221; hover_enabled=&#8221;0&#8243; global_colors_info=&#8221;{}&#8221; sticky_enabled=&#8221;0&#8243;][et_pb_fullwidth_slider _builder_version=&#8221;4.18.0&#8243; _module_preset=&#8221;default&#8221; custom_padding=&#8221;200px||||false|false&#8221; auto=&#8221;on&#8221; hover_enabled=&#8221;0&#8243; header_font_size_tablet=&#8221;22px&#8221; header_font_size_phone=&#8221;22px&#8221; header_font_size_last_edited=&#8221;on|tablet&#8221; global_colors_info=&#8221;{}&#8221; sticky_enabled=&#8221;0&#8243;][et_pb_slide heading=&#8221;Terve\u00adtuloa&#8221; button_text=&#8221;Osta liput&#8221; button_link=&#8221;https:\/\/www.juhannusvalkeat.fi\/new\/liput-ja-info\/&#8221; use_bg_overlay=&#8221;on&#8221; bg_overlay_color=&#8221;rgba(0,0,0,0.5)&#8221; _builder_version=&#8221;4.18.0&#8243; _module_preset=&#8221;default&#8221; header_level=&#8221;h1&#8243; header_font=&#8221;|||on|||||&#8221; background_image=&#8221;https:\/\/www.juhannusvalkeat.fi\/new\/wp-content\/uploads\/2022\/02\/salko-08-127.jpg&#8221; background_enable_image=&#8221;on&#8221; custom_button=&#8221;on&#8221; button_border_color=&#8221;#99CC33&#8243; text_orientation=&#8221;center&#8221; text_shadow_style=&#8221;preset1&#8243; global_colors_info=&#8221;{}&#8221; sticky_transition=&#8221;on&#8221;]<\/p>\n<h2>Juhannus\u00advalkeille j\u00e4lleen 19.6.2026!<\/h2>\n<p>[\/et_pb_slide][\/et_pb_fullwidth_slider][\/et_pb_section][et_pb_section fb_built=&#8221;1&#8243; _builder_version=&#8221;4.16&#8243; _module_preset=&#8221;default&#8221; custom_padding=&#8221;||4px|||&#8221; hover_enabled=&#8221;0&#8243; global_colors_info=&#8221;{}&#8221; sticky_enabled=&#8221;0&#8243;][et_pb_row _builder_version=&#8221;4.16&#8243; _module_preset=&#8221;default&#8221; hover_enabled=&#8221;0&#8243; global_colors_info=&#8221;{}&#8221; sticky_enabled=&#8221;0&#8243;][et_pb_column type=&#8221;4_4&#8243; _builder_version=&#8221;4.16&#8243; _module_preset=&#8221;default&#8221; global_colors_info=&#8221;{}&#8221;][et_pb_text _builder_version=&#8221;4.17.4&#8243; _module_preset=&#8221;default&#8221; header_text_color=&#8221;#99CC33&#8243; custom_margin=&#8221;||20px|||&#8221; hover_enabled=&#8221;0&#8243; header_font_size_tablet=&#8221;22px&#8221; header_font_size_phone=&#8221;22px&#8221; header_font_size_last_edited=&#8221;on|phone&#8221; global_colors_info=&#8221;{}&#8221; sticky_enabled=&#8221;0&#8243;]<\/p>\n<h1>Ajankohtaista<\/h1>\n<p>[\/et_pb_text][et_pb_blog fullwidth=&#8221;off&#8221; posts_number=&#8221;3&#8243; show_more=&#8221;on&#8221; show_author=&#8221;off&#8221; show_categories=&#8221;off&#8221; _builder_version=&#8221;4.27.4&#8243; _module_preset=&#8221;default&#8221; header_text_color=&#8221;#002B4D&#8221; header_font_size=&#8221;32px&#8221; body_text_align=&#8221;left&#8221; meta_font=&#8221;|||on|||||&#8221; meta_text_color=&#8221;#99CC33&#8243; meta_font_size=&#8221;9px&#8221; read_more_font=&#8221;|700|on||||||&#8221; read_more_text_color=&#8221;#002B4D&#8221; text_orientation=&#8221;center&#8221; custom_margin=&#8221;||14px|||&#8221; custom_padding=&#8221;||0px|||&#8221; header_font_size_tablet=&#8221;18px&#8221; header_font_size_phone=&#8221;18px&#8221; header_font_size_last_edited=&#8221;on|tablet&#8221; global_colors_info=&#8221;{}&#8221;][\/et_pb_blog][et_pb_button button_url=&#8221;https:\/\/www.juhannusvalkeat.fi\/new\/ajankohtaista\/&#8221; button_text=&#8221;Katso kaikki ajankohtaiset&#8221; button_alignment=&#8221;right&#8221; _builder_version=&#8221;4.16&#8243; _module_preset=&#8221;default&#8221; custom_margin=&#8221;-24px|||||&#8221; global_colors_info=&#8221;{}&#8221;][\/et_pb_button][\/et_pb_column][\/et_pb_row][\/et_pb_section][et_pb_section fb_built=&#8221;1&#8243; disabled_on=&#8221;on|on|on&#8221; _builder_version=&#8221;4.20.4&#8243; _module_preset=&#8221;default&#8221; custom_padding=&#8221;5px||13px|||&#8221; disabled=&#8221;on&#8221; global_colors_info=&#8221;{}&#8221;][et_pb_row _builder_version=&#8221;4.16&#8243; _module_preset=&#8221;default&#8221; width=&#8221;100%&#8221; max_width=&#8221;2560px&#8221; custom_padding=&#8221;0px||0px|||&#8221; global_colors_info=&#8221;{}&#8221;][et_pb_column type=&#8221;4_4&#8243; _builder_version=&#8221;4.16&#8243; _module_preset=&#8221;default&#8221; global_colors_info=&#8221;{}&#8221;][et_pb_sidebar area=&#8221;et_pb_widget_area_1&#8243; show_border=&#8221;off&#8221; admin_label=&#8221;Sivupalkki&#8221; module_id=&#8221;es-tapahtumat&#8221; _builder_version=&#8221;4.17.3&#8243; _module_preset=&#8221;default&#8221; width=&#8221;100%&#8221; max_width=&#8221;100%&#8221; min_height=&#8221;322.7px&#8221; custom_margin=&#8221;0px||1px||false|false&#8221; custom_padding=&#8221;0px||0px||false|false&#8221; custom_css_main_element=&#8221;width:100%!important;&#8221; custom_css_widget=&#8221;margin-bottom: 0;||padding-bottom: 0;&#8221; global_colors_info=&#8221;{}&#8221;][\/et_pb_sidebar][\/et_pb_column][\/et_pb_row][et_pb_row use_custom_gutter=&#8221;on&#8221; _builder_version=&#8221;4.16&#8243; _module_preset=&#8221;default&#8221; custom_padding=&#8221;0px||0px|||&#8221; global_colors_info=&#8221;{}&#8221;][et_pb_column type=&#8221;4_4&#8243; _builder_version=&#8221;4.16&#8243; _module_preset=&#8221;default&#8221; global_colors_info=&#8221;{}&#8221;][et_pb_button button_url=&#8221;https:\/\/www.juhannusvalkeat.fi\/new\/esiintyjat\/&#8221; button_text=&#8221;Katso kaikki esiintyj\u00e4t&#8221; button_alignment=&#8221;right&#8221; _builder_version=&#8221;4.16&#8243; _module_preset=&#8221;default&#8221; custom_margin=&#8221;-35px||||false|false&#8221; global_colors_info=&#8221;{}&#8221;][\/et_pb_button][\/et_pb_column][\/et_pb_row][\/et_pb_section][et_pb_section fb_built=&#8221;1&#8243; _builder_version=&#8221;4.16&#8243; _module_preset=&#8221;default&#8221; global_colors_info=&#8221;{}&#8221;][et_pb_row column_structure=&#8221;1_2,1_2&#8243; _builder_version=&#8221;4.16&#8243; _module_preset=&#8221;default&#8221; custom_padding=&#8221;61px||114px|||&#8221; global_colors_info=&#8221;{}&#8221;][et_pb_column type=&#8221;1_2&#8243; _builder_version=&#8221;4.16&#8243; _module_preset=&#8221;default&#8221; global_colors_info=&#8221;{}&#8221;][et_pb_image src=&#8221;https:\/\/www.juhannusvalkeat.fi\/new\/wp-content\/uploads\/2022\/03\/HKI.png&#8221; title_text=&#8221;HKI&#8221; url=&#8221;https:\/\/www.helsinki.fi&#8221; url_new_window=&#8221;on&#8221; _builder_version=&#8221;4.16&#8243; _module_preset=&#8221;default&#8221; width=&#8221;250px&#8221; module_alignment=&#8221;center&#8221; custom_margin=&#8221;41px|||||&#8221; global_colors_info=&#8221;{}&#8221;][\/et_pb_image][\/et_pb_column][et_pb_column type=&#8221;1_2&#8243; _builder_version=&#8221;4.16&#8243; _module_preset=&#8221;default&#8221; global_colors_info=&#8221;{}&#8221;][et_pb_image src=&#8221;https:\/\/www.juhannusvalkeat.fi\/new\/wp-content\/uploads\/2022\/03\/festivals_vaaka.png&#8221; title_text=&#8221;festivals_vaaka&#8221; url=&#8221;https:\/\/festivals.fi\/&#8221; url_new_window=&#8221;on&#8221; align=&#8221;center&#8221; _builder_version=&#8221;4.16&#8243; _module_preset=&#8221;default&#8221; width=&#8221;250px&#8221; custom_margin=&#8221;42px|||||&#8221; global_colors_info=&#8221;{}&#8221;][\/et_pb_image][\/et_pb_column][\/et_pb_row][\/et_pb_section][et_pb_section fb_built=&#8221;1&#8243; _builder_version=&#8221;4.16&#8243; _module_preset=&#8221;default&#8221; background_color=&#8221;#002B4D&#8221; custom_padding=&#8221;0px|||||&#8221; global_colors_info=&#8221;{}&#8221;][et_pb_row _builder_version=&#8221;4.16&#8243; _module_preset=&#8221;default&#8221; custom_padding=&#8221;0px|||||&#8221; global_colors_info=&#8221;{}&#8221;][et_pb_column type=&#8221;4_4&#8243; _builder_version=&#8221;4.16&#8243; _module_preset=&#8221;default&#8221; global_colors_info=&#8221;{}&#8221;][et_pb_image src=&#8221;https:\/\/www.juhannusvalkeat.fi\/new\/wp-content\/uploads\/2022\/03\/SS-logo-RGB.png&#8221; title_text=&#8221;SS-logo-RGB&#8221; align=&#8221;center&#8221; _builder_version=&#8221;4.16&#8243; _module_preset=&#8221;default&#8221; background_color=&#8221;RGBA(255,255,255,0)&#8221; max_width=&#8221;300px&#8221; custom_margin=&#8221;-102px||||false|false&#8221; border_radii=&#8221;on|50%|50%|50%|50%&#8221; global_colors_info=&#8221;{}&#8221;][\/et_pb_image][\/et_pb_column][\/et_pb_row][et_pb_row column_structure=&#8221;1_2,1_2&#8243; _builder_version=&#8221;4.16&#8243; _module_preset=&#8221;default&#8221; global_colors_info=&#8221;{}&#8221;][et_pb_column type=&#8221;1_2&#8243; _builder_version=&#8221;4.16&#8243; _module_preset=&#8221;default&#8221; global_colors_info=&#8221;{}&#8221;][et_pb_code _builder_version=&#8221;4.17.3&#8243; _module_preset=&#8221;default&#8221; global_colors_info=&#8221;{}&#8221;]<\/p>\n<div id=\"fb-root\"><\/div>\n<p><!-- [et_pb_line_break_holder] --><script async defer crossorigin=\"anonymous\" src=\"https:\/\/connect.facebook.net\/fi_FI\/sdk.js#xfbml=1&#038;version=v13.0&#038;appId=247468141936500&#038;autoLogAppEvents=1\" nonce=\"XsOxsrE5\"><\/script><\/p>\n<div class=\"fb-page\" data-href=\"https:\/\/www.facebook.com\/Seurasaari\/\" data-tabs=\"timeline\" data-width=\"\" data-height=\"\" data-small-header=\"true\" data-adapt-container-width=\"true\" data-hide-cover=\"false\" data-show-facepile=\"true\">\n<blockquote cite=\"https:\/\/www.facebook.com\/Seurasaari\/\" class=\"fb-xfbml-parse-ignore\"><p><a href=\"https:\/\/www.facebook.com\/Seurasaari\/\">Seurasaari &#8211; F\u00f6lis\u00f6n<\/a><\/p><\/blockquote>\n<\/div>\n<p>[\/et_pb_code][et_pb_social_media_follow follow_button=&#8221;on&#8221; _builder_version=&#8221;4.17.4&#8243; _module_preset=&#8221;default&#8221; custom_button=&#8221;on&#8221; button_text_size=&#8221;13px&#8221; button_text_color=&#8221;#FFFFFF&#8221; global_colors_info=&#8221;{}&#8221;][et_pb_social_media_follow_network social_network=&#8221;instagram&#8221; url=&#8221;https:\/\/www.instagram.com\/seurasaarisaatio\/&#8221; _builder_version=&#8221;4.17.3&#8243; _module_preset=&#8221;default&#8221; background_color=&#8221;#ea2c59&#8243; global_colors_info=&#8221;{}&#8221; follow_button=&#8221;on&#8221; url_new_window=&#8221;on&#8221;]instagram[\/et_pb_social_media_follow_network][et_pb_social_media_follow_network social_network=&#8221;facebook&#8221; url=&#8221;https:\/\/www.facebook.com\/Seurasaari&#8221; _builder_version=&#8221;4.17.4&#8243; _module_preset=&#8221;default&#8221; background_color=&#8221;#3b5998&#8243; global_colors_info=&#8221;{}&#8221; follow_button=&#8221;on&#8221; url_new_window=&#8221;on&#8221;]facebook[\/et_pb_social_media_follow_network][et_pb_social_media_follow_network social_network=&#8221;youtube&#8221; url=&#8221;https:\/\/www.youtube.com\/channel\/UCNHeUxWDCuUH-yg6DsCCXgA\/videos&#8221; _builder_version=&#8221;4.17.4&#8243; _module_preset=&#8221;default&#8221; background_color=&#8221;#a82400&#8243; global_colors_info=&#8221;{}&#8221; follow_button=&#8221;on&#8221; url_new_window=&#8221;on&#8221;]youtube[\/et_pb_social_media_follow_network][\/et_pb_social_media_follow][\/et_pb_column][et_pb_column type=&#8221;1_2&#8243; _builder_version=&#8221;4.16&#8243; _module_preset=&#8221;default&#8221; global_colors_info=&#8221;{}&#8221;][et_pb_text _builder_version=&#8221;4.17.4&#8243; _module_preset=&#8221;default&#8221; background_layout=&#8221;dark&#8221; header_font_size_tablet=&#8221;22px&#8221; header_font_size_phone=&#8221;22px&#8221; header_font_size_last_edited=&#8221;on|phone&#8221; global_colors_info=&#8221;{}&#8221;]<\/p>\n<h1>Tapahtuman j\u00e4rjest\u00e4\u00e4 Seurasaaris\u00e4\u00e4ti\u00f6<\/h1>\n<p>&nbsp;<\/p>\n<p>Vuonna 1956 perustettu Seurasaaris\u00e4\u00e4ti\u00f6 on voittoa tavoittelematon, yleishy\u00f6dyllinen yhteis\u00f6, jonka toiminta l\u00e4hti liikkeelle juhannusjuhlien j\u00e4rjest\u00e4misest\u00e4. S\u00e4\u00e4ti\u00f6n tarkoituksena on Seurasaaren museotoiminnan tukeminen. S\u00e4\u00e4ti\u00f6n tekem\u00e4 ty\u00f6 n\u00e4kyy tapahtumissa, joissa suomalainen kulttuuriperint\u00f6 ja perinteiseksi ymm\u00e4rretty el\u00e4m\u00e4ntapa toimivat sis\u00e4ll\u00f6lisin\u00e4 innoittajina. Keskeisi\u00e4 arvoja s\u00e4\u00e4ti\u00f6n toiminnassa ovat yhteis\u00f6llisyys, osallisuus ja el\u00e4v\u00e4, suomalainen kulttuuriperint\u00f6. Siirry Seurasaaris\u00e4\u00e4tui\u00f6n sivuille<\/p>\n<p>[\/et_pb_text][et_pb_button button_url=&#8221;https:\/\/www.seurasaarisaatio.fi\/&#8221; url_new_window=&#8221;on&#8221; button_text=&#8221;Tutustu s\u00e4\u00e4ti\u00f6\u00f6n&#8221; _builder_version=&#8221;4.16&#8243; _module_preset=&#8221;default&#8221; custom_button=&#8221;on&#8221; button_border_width=&#8221;0px&#8221; global_colors_info=&#8221;{}&#8221;][\/et_pb_button][\/et_pb_column][\/et_pb_row][\/et_pb_section]<\/p>\n","protected":false},"excerpt":{"rendered":"<p>Juhannus\u00advalkeille j\u00e4lleen 19.6.2026!AjankohtaistaTapahtuman j\u00e4rjest\u00e4\u00e4 Seurasaaris\u00e4\u00e4ti\u00f6 &nbsp; Vuonna 1956 perustettu Seurasaaris\u00e4\u00e4ti\u00f6 on voittoa tavoittelematon, yleishy\u00f6dyllinen yhteis\u00f6, jonka toiminta l\u00e4hti liikkeelle juhannusjuhlien j\u00e4rjest\u00e4misest\u00e4. S\u00e4\u00e4ti\u00f6n tarkoituksena on Seurasaaren museotoiminnan tukeminen. S\u00e4\u00e4ti\u00f6n tekem\u00e4 ty\u00f6 n\u00e4kyy tapahtumissa, joissa suomalainen kulttuuriperint\u00f6 ja perinteiseksi ymm\u00e4rretty el\u00e4m\u00e4ntapa toimivat sis\u00e4ll\u00f6lisin\u00e4 innoittajina. Keskeisi\u00e4 arvoja s\u00e4\u00e4ti\u00f6n toiminnassa ovat yhteis\u00f6llisyys, osallisuus ja el\u00e4v\u00e4, suomalainen kulttuuriperint\u00f6. Siirry Seurasaaris\u00e4\u00e4tui\u00f6n [&hellip;]<\/p>\n","protected":false},"author":1,"featured_media":0,"parent":0,"menu_order":0,"comment_status":"closed","ping_status":"closed","template":"","meta":{"_et_pb_use_builder":"on","_et_pb_old_content":"","_et_gb_content_width":"","footnotes":""},"class_list":["post-13","page","type-page","status-publish","hentry"],"_links":{"self":[{"href":"https:\/\/www.juhannusvalkeat.fi\/new\/wp-json\/wp\/v2\/pages\/13","targetHints":{"allow":["GET"]}}],"collection":[{"href":"https:\/\/www.juhannusvalkeat.fi\/new\/wp-json\/wp\/v2\/pages"}],"about":[{"href":"https:\/\/www.juhannusvalkeat.fi\/new\/wp-json\/wp\/v2\/types\/page"}],"author":[{"embeddable":true,"href":"https:\/\/www.juhannusvalkeat.fi\/new\/wp-json\/wp\/v2\/users\/1"}],"replies":[{"embeddable":true,"href":"https:\/\/www.juhannusvalkeat.fi\/new\/wp-json\/wp\/v2\/comments?post=13"}],"version-history":[{"count":66,"href":"https:\/\/www.juhannusvalkeat.fi\/new\/wp-json\/wp\/v2\/pages\/13\/revisions"}],"predecessor-version":[{"id":2003,"href":"https:\/\/www.juhannusvalkeat.fi\/new\/wp-json\/wp\/v2\/pages\/13\/revisions\/2003"}],"wp:attachment":[{"href":"https:\/\/www.juhannusvalkeat.fi\/new\/wp-json\/wp\/v2\/media?parent=13"}],"curies":[{"name":"wp","href":"https:\/\/api.w.org\/{rel}","templated":true}]}}