{"id":504,"date":"2022-03-10T08:32:12","date_gmt":"2022-03-10T08:32:12","guid":{"rendered":"https:\/\/www.juhannusvalkeat.fi\/new\/?page_id=504"},"modified":"2026-04-08T08:09:36","modified_gmt":"2026-04-08T08:09:36","slug":"tickets-and-info","status":"publish","type":"page","link":"https:\/\/www.juhannusvalkeat.fi\/new\/en\/tickets-and-info\/","title":{"rendered":"Tickets and info"},"content":{"rendered":"<p>[et_pb_section fb_built=&#8221;1&#8243; _builder_version=&#8221;4.16&#8243; _module_preset=&#8221;default&#8221; global_colors_info=&#8221;{}&#8221;][et_pb_row column_structure=&#8221;1_2,1_2&#8243; _builder_version=&#8221;4.16&#8243; _module_preset=&#8221;default&#8221; global_colors_info=&#8221;{}&#8221;][et_pb_column type=&#8221;1_2&#8243; _builder_version=&#8221;4.16&#8243; _module_preset=&#8221;default&#8221; global_colors_info=&#8221;{}&#8221;][et_pb_text _builder_version=&#8221;4.27.6&#8243; _module_preset=&#8221;default&#8221; hover_enabled=&#8221;0&#8243; global_colors_info=&#8221;{}&#8221; sticky_enabled=&#8221;0&#8243;]<\/p>\n<h1>Tickets and Info<\/h1>\n<h4><span><\/span><\/h4>\n<p><span>Tickets for the Seurasaari Midsummer Eve can now be purchased at Tiketti! The price of an adult ticket is 27.50 \u20ac (+ order fee 1.50 \u20ac\/order). Children under 12 years old can enter the event for free when accompanied by an adult. Online ticket sales end on Midsummer Eve 19.6.2026 at 10 pm. <a href=\"https:\/\/www.tiketti.fi\/seurasaaren-juhannusvalkeat-seurasaari-helsinki-tickets\/116550\">Buy tickets<\/a><\/span><\/p>\n<p><span><img loading=\"lazy\" decoding=\"async\" src=\"https:\/\/www.juhannusvalkeat.fi\/new\/wp-content\/uploads\/2025\/04\/tiketti_basiclogo_negative_yellow_rgb-1-300x163.jpg\" width=\"79\" height=\"43\" alt=\"\" class=\"wp-image-1698 alignnone size-medium\" \/><\/span><\/p>\n<h4><span>Bonfires and Wildfire Warnings<\/span><\/h4>\n<p data-start=\"390\" data-end=\"486\">Bonfires will be lit during the celebration, provided there is no wildfire warning in effect.<\/p>\n<h4><span>Transport<\/span><\/h4>\n<p data-start=\"509\" data-end=\"765\">Bus 24 runs from the city center to Seurasaari. Additional service bus 24S will operate from Kamppi Terminal. Tram 4 also takes you close to Seurasaari (about a 10-minute walk). More info: <span style=\"color: #ff9900;\"><a href=\"https:\/\/www.hsl.fi\/\" style=\"color: #ff9900;\">HSL<\/a><\/span>. You can also reach Seurasaari by<span style=\"color: #ff9900;\"><a href=\"https:\/\/www.hsl.fi\/kaupunkipyorat\" style=\"color: #ff9900;\"> city bike<\/a><\/span> (Seurasaari 091).<\/p>\n<p data-start=\"767\" data-end=\"998\">If you live nearby, we recommend arriving by foot or bicycle. Parking for private cars is limited along Seurasaarentie and at the parking areas near Heikinniementie, Meilahti Arboretum (Johannesbergintie), and Meilahti Sports Park.<\/p>\n<h4><span>Food and Beverage<\/span><\/h4>\n<p data-start=\"1027\" data-end=\"1185\"><strong data-start=\"1027\" data-end=\"1049\">Caf\u00e9 Mieritz<\/strong> (by the bridge) offers sweet and savory pastries by R\u00f6ntt\u00f6srouva, fresh buns, organic coffee\/tea, soft drinks, and organic juice boxes.<\/p>\n<p data-start=\"1187\" data-end=\"1297\"><strong data-start=\"1187\" data-end=\"1215\">The Festival Ground kiosk<\/strong> sells light savory and sweet snacks, organic coffee\/tea, soft drinks, and juices.<\/p>\n<p data-start=\"1299\" data-end=\"1388\"><strong data-start=\"1299\" data-end=\"1326\">Helsingin J\u00e4\u00e4tel\u00f6tehdas<\/strong> (across from Pikku Helsinki) serves various ice cream treats.<\/p>\n<p data-start=\"1390\" data-end=\"1558\"><strong data-start=\"1390\" data-end=\"1417\">Kauppahalli\u2019s Kotiruoka<\/strong> provides meal portions from food stalls at Festival and Jusupoff Ground.<\/p>\n<p data-start=\"1560\" data-end=\"1692\"><strong data-start=\"1560\" data-end=\"1595\"><span style=\"color: #ff9900;\"><a href=\"https:\/\/www.seurasaarenjuhlatalo.fi\/\" style=\"color: #ff9900;\">Restaurant Seurasaari Juhlatalo<\/a><\/span>: <\/strong>table reservations: info(at)ganache.fi<\/p>\n<p data-start=\"1694\" data-end=\"1788\">Picnic food and drinks are allowed. We recommend bringing your own water bottle.<\/p>\n<div class=\"\">\n<h4><span>Grilling<\/span><\/h4>\n<p><span>The Festival Ground grill is <strong data-start=\"1916\" data-end=\"1930\">not in use<\/strong> during the event.<br data-start=\"1948\" data-end=\"1951\" \/>Personal grills, disposable grills, and open fires are <strong data-start=\"2006\" data-end=\"2020\">prohibited<\/strong> on Seurasaari.<\/span><\/p>\n<\/div>\n<h4><span><\/span><\/h4>\n<h4><span>Dogs<\/span><\/h4>\n<p><span>Dogs are not recommended at the event, but guide and assistance dogs are welcome.<\/span><\/p>\n<h4><span>Other Info<\/span><\/h4>\n<p data-start=\"2158\" data-end=\"2225\">Strollers are allowed, but there are no loaner strollers available.<\/p>\n<h4><span>Lost &amp; Found<\/span><\/h4>\n<p>Found items will be taken to the event announcer. After the event, please contact the Seurasaari Foundation office: Tel: <span style=\"color: #ff9900;\">+358 40 649 3040<\/span><\/p>\n<h4><span>WC<\/span><\/h4>\n<p><span>City toilets including accessible toilets are located near the beginning of the island and Jusupoff Ground. Additional toilets including one accessible toilet will be available at Jusupoff Ground and Kyykk\u00e4 Field.<\/span><\/p>\n<h4><span>Accessibility<\/span><\/h4>\n<p data-start=\"2655\" data-end=\"3013\">The terrain is varied, but most of the area is fairly accessible by wheelchair. Some museum buildings are not wheelchair accessible. The Festival Ground, where most of the program takes place, is fully accessible. The Bonfire Shore is <strong data-start=\"2889\" data-end=\"2896\">not<\/strong> accessible by wheelchair, but bonfires can be viewed from elsewhere. The children&#8217;s bonfire has an accessible route.<\/p>\n<p data-start=\"3015\" data-end=\"3270\">Food service points (Jusupoff and Festival Ground), restaurant Seurasaaren Juhlatalo and caf\u00e9 all have accessible entrances. The kiosks at the Festival Ground and Jusupoff Square have raised platforms. Caf\u00e9 Mieritz has steps.<\/p>\n<h4><span>Safety<\/span><\/h4>\n<p data-start=\"3290\" data-end=\"3427\">The Finnish Red Cross provides first aid during the event. Security staff will be present who you can turn to in case of problems.<\/p>\n<p data-start=\"3429\" data-end=\"3454\"><strong data-start=\"3429\" data-end=\"3454\">Emergency number: 112<\/strong><\/p>\n<p data-start=\"3456\" data-end=\"3494\">Please dress according to the weather.<\/p>\n<h4>Photography Permits<\/h4>\n<p data-start=\"3527\" data-end=\"3708\">Photography and media accreditation (for commercial photography) must be arranged a week in advance. Contact: Executive Director Aila Nieminen, aila.nieminen(at)seurasaarisaatio.fi.<\/p>\n<p data-start=\"3710\" data-end=\"3814\">The event will be photographed and images may be used in the Foundation\u2019s communications and marketing.<\/p>\n<h5><span><\/span><\/h5>\n<h5><span>Entry To The Island<\/span><\/h5>\n<h5><span>The entire Seurasaari island will be closed to the public from 12.00 noon on Midsummer Eve. After that, entry is only allowed with a valid event ticket. The island will reopen to the public on Midsummer Day.<\/span><\/h5>\n<p>[\/et_pb_text][\/et_pb_column][et_pb_column type=&#8221;1_2&#8243; _builder_version=&#8221;4.16&#8243; _module_preset=&#8221;default&#8221; global_colors_info=&#8221;{}&#8221;][et_pb_image src=&#8221;https:\/\/www.juhannusvalkeat.fi\/new\/wp-content\/uploads\/2022\/03\/1560953344_seurasaaren-kartta-2019_weblaatu.jpg&#8221; title_text=&#8221;1560953344_seurasaaren-kartta-2019_weblaatu&#8221; _builder_version=&#8221;4.17.3&#8243; _module_preset=&#8221;default&#8221; global_colors_info=&#8221;{}&#8221;][\/et_pb_image][\/et_pb_column][\/et_pb_row][et_pb_row column_structure=&#8221;1_2,1_2&#8243; _builder_version=&#8221;4.16&#8243; _module_preset=&#8221;default&#8221; global_colors_info=&#8221;{}&#8221;][et_pb_column type=&#8221;1_2&#8243; _builder_version=&#8221;4.16&#8243; _module_preset=&#8221;default&#8221; global_colors_info=&#8221;{}&#8221;][\/et_pb_column][et_pb_column type=&#8221;1_2&#8243; _builder_version=&#8221;4.16&#8243; _module_preset=&#8221;default&#8221; global_colors_info=&#8221;{}&#8221;][\/et_pb_column][\/et_pb_row][\/et_pb_section]<\/p>\n","protected":false},"excerpt":{"rendered":"<p>Tickets and Info Tickets for the Seurasaari Midsummer Eve can now be purchased at Tiketti! The price of an adult ticket is 27.50 \u20ac (+ order fee 1.50 \u20ac\/order). Children under 12 years old can enter the event for free when accompanied by an adult. Online ticket sales end on Midsummer Eve 19.6.2026 at 10 [&hellip;]<\/p>\n","protected":false},"author":1,"featured_media":0,"parent":0,"menu_order":0,"comment_status":"closed","ping_status":"closed","template":"","meta":{"_et_pb_use_builder":"on","_et_pb_old_content":"[et_pb_section fb_built=\"1\" _builder_version=\"4.16\" _module_preset=\"default\" global_colors_info=\"{}\"][et_pb_row column_structure=\"1_2,1_2\" _builder_version=\"4.16\" _module_preset=\"default\" global_colors_info=\"{}\"][et_pb_column type=\"1_2\" _builder_version=\"4.16\" _module_preset=\"default\" global_colors_info=\"{}\"][et_pb_text _builder_version=\"4.16\" _module_preset=\"default\" global_colors_info=\"{}\"]\n<h1>Liput ja Info<\/h1>\n&nbsp;\n\nLIPUT: 25 \u20ac, alle 12-vuotiaat maksutta. Liput tulevat myyntiin my\u00f6hemmin kev\u00e4\u00e4ll\u00e4.\n\nKULKUYHTEYDET: Bussi 24 kulkee keskustasta Seurasaareen. Seurasaareen p\u00e4\u00e4see my\u00f6s raitiovaunulla 4 (n. 10 min. k\u00e4velymatka Seurasaareen). Lis\u00e4tietoja liikenneyhteyksist\u00e4<span>&nbsp;<\/span><a href=\"http:\/\/www.hsl.fi\/\" target=\"_blank\" rel=\"noopener\">HSL<\/a>&nbsp;My\u00f6s<span>&nbsp;<\/span><a href=\"https:\/\/kaupunkipyorat.hsl.fi\/fi\/helsinki\/stations\" target=\"_blank\" rel=\"noopener\">kaupunkipy\u00f6r\u00e4ll\u00e4<\/a><span>&nbsp;<\/span>voi ajaa Seurasaareen (Seurasaari 091).\n\nL\u00e4hell\u00e4 asuvien kannattaa tulla paikalle jalan tai polkupy\u00f6r\u00e4ll\u00e4. Yksityisautoille on rajoitetusti pys\u00e4k\u00f6intitilaa Seurasaarentien varrella ja pys\u00e4k\u00f6intialueella Heikinniementien kohdalla, Meilahden arboretumin (Johannesbergintien varressa) sek\u00e4 Meilahden liikuntapuiston pys\u00e4k\u00f6intialuella.\n\nGRILLAUS:&nbsp;Seurasaaressa Juhlakent\u00e4ll\u00e4 on yksi yleinen grillauspaikka. Grillitilaa on rajoitetusti, joten suositeltavaa on pakata mukaan nopeasti kypsyvi\u00e4 ev\u00e4it\u00e4. Mets\u00e4palovaroituksen aikaan grillipaikan k\u00e4ytt\u00f6 on kielletty! Omat grillit ja kertak\u00e4ytt\u00f6grillit sek\u00e4 avotulen teko ovat kiellettyj\u00e4 Seurasaaressa.\n\nKOIRAT: Koiria ei suositella tuotavaksi Seurasaaren juhannusvalkeille, mutta opas- ja avustajakoirat ovat tervetulleita tapahtumaan.\n\nMUUTA: Juhlaan voi tulla lastenrattaiden kanssa (lainattavia rattaita ei ole).\n\nL\u00d6YT\u00d6TAVARAT: Mahdolliset l\u00f6yt\u00f6tavarat vied\u00e4\u00e4n kuuluttajalle.\n\nWC: Helsingin kaupunki hoitaa Seurasaaren yleis\u00f6vessoja. Saaren alkup\u00e4\u00e4ss\u00e4 ja Jusupoffin aukion vieress\u00e4 on City WC:t. Juhlaan tuodaan lis\u00e4ksi toiletteja Jusupoffin aukiolle ja Kyykk\u00e4kent\u00e4lle.\n\nSAAVUTETTAVUUS: Juhla-alue on maastoltaan vaihtelevaa, mutta alueella p\u00e4\u00e4see py\u00f6r\u00e4tuolillakin melko hyvin kulkemaan. Kulkuv\u00e4yl\u00e4t, Juhlakentt\u00e4 ja Kyykk\u00e4kentt\u00e4 ovat melko hyvin saavutettavia, kokkorannan maasto puolestaan on kallioista.\n\nRavitsemuspisteisiin (Jusupoffin aukiolla, Juhlakent\u00e4ll\u00e4), Ravintola Seurasaaren Kruunuun ja kahvilaan sek\u00e4 Antin kaffeliiteriin on liikkumisesteet\u00f6n sis\u00e4\u00e4nk\u00e4ynti. Juhlakent\u00e4n ja Jusupoffin kioskin edustalla on koroke ja Kahvila Mieritziin on portaat.\n\nKUVAUSLUVAT: Kuvausluvat ja akkreditointi (viikkoa ennen): toiminnanjohtaja Aila Nieminen aila.nieminen(at)seurasaarisaatio.fi\n\n&nbsp;\n\n[\/et_pb_text][\/et_pb_column][et_pb_column type=\"1_2\" _builder_version=\"4.16\" _module_preset=\"default\" global_colors_info=\"{}\"][et_pb_image src=\"https:\/\/www.juhannusvalkeat.fi\/new\/wp-content\/uploads\/2022\/03\/1560953344_seurasaaren-kartta-2019_weblaatu.jpg\" title_text=\"1560953344_seurasaaren-kartta-2019_weblaatu\" _builder_version=\"4.17.3\" _module_preset=\"default\" hover_enabled=\"0\" global_colors_info=\"{}\" sticky_enabled=\"0\"][\/et_pb_image][\/et_pb_column][\/et_pb_row][et_pb_row column_structure=\"1_2,1_2\" _builder_version=\"4.16\" _module_preset=\"default\" global_colors_info=\"{}\"][et_pb_column type=\"1_2\" _builder_version=\"4.16\" _module_preset=\"default\" global_colors_info=\"{}\"][\/et_pb_column][et_pb_column type=\"1_2\" _builder_version=\"4.16\" _module_preset=\"default\" global_colors_info=\"{}\"][\/et_pb_column][\/et_pb_row][\/et_pb_section]","_et_gb_content_width":"","footnotes":""},"class_list":["post-504","page","type-page","status-publish","hentry"],"_links":{"self":[{"href":"https:\/\/www.juhannusvalkeat.fi\/new\/en\/wp-json\/wp\/v2\/pages\/504","targetHints":{"allow":["GET"]}}],"collection":[{"href":"https:\/\/www.juhannusvalkeat.fi\/new\/en\/wp-json\/wp\/v2\/pages"}],"about":[{"href":"https:\/\/www.juhannusvalkeat.fi\/new\/en\/wp-json\/wp\/v2\/types\/page"}],"author":[{"embeddable":true,"href":"https:\/\/www.juhannusvalkeat.fi\/new\/en\/wp-json\/wp\/v2\/users\/1"}],"replies":[{"embeddable":true,"href":"https:\/\/www.juhannusvalkeat.fi\/new\/en\/wp-json\/wp\/v2\/comments?post=504"}],"version-history":[{"count":77,"href":"https:\/\/www.juhannusvalkeat.fi\/new\/en\/wp-json\/wp\/v2\/pages\/504\/revisions"}],"predecessor-version":[{"id":2132,"href":"https:\/\/www.juhannusvalkeat.fi\/new\/en\/wp-json\/wp\/v2\/pages\/504\/revisions\/2132"}],"wp:attachment":[{"href":"https:\/\/www.juhannusvalkeat.fi\/new\/en\/wp-json\/wp\/v2\/media?parent=504"}],"curies":[{"name":"wp","href":"https:\/\/api.w.org\/{rel}","templated":true}]}}